{"id":52,"date":"2025-03-24T08:59:48","date_gmt":"2025-03-24T08:59:48","guid":{"rendered":"https:\/\/www.nalbantmetal.com.tr\/?page_id=52"},"modified":"2026-04-30T09:33:00","modified_gmt":"2026-04-30T09:33:00","slug":"front_page","status":"publish","type":"page","link":"https:\/\/www.nalbantmetal.com.tr\/","title":{"rendered":"Home"},"content":{"rendered":"\n\n\n\n\n\n\n\n<div style=\"position: absolute; left: -7566px;\"><p>Kazan\u00e7lar\u0131n tetikledi\u011fi ekstra spinler sayesinde <a href=\"https:\/\/www.egekariyerfuari.org\/\">Sweet Bonanza<\/a> deneyimi zamanla daha kazan\u00e7l\u0131 ve e\u011flenceli bir hale gelir.<\/p><\/div> <div style=\"position: absolute; left: -7566px;\"><p>Canl\u0131 destek ekibinin her zaman eri\u015filebilir olmas\u0131yla g\u00fcven veren <a href=\"https:\/\/www.mekansepeti.com.tr\/\">Betpark<\/a>, kullan\u0131c\u0131 sorunlar\u0131n\u0131 h\u0131zl\u0131ca \u00e7\u00f6zerek memnuniyeti art\u0131r\u0131r.<\/p><\/div> <div style=\"position: absolute; left: -7566px;\"><p>Bahis sekt\u00f6r\u00fcn\u00fcn geli\u015fimine \u00f6nc\u00fcl\u00fck eden <a href=\"https:\/\/www.kaset1009.com\/\">BetGaranti<\/a>, kullan\u0131c\u0131lar\u0131n\u0131 en yeni oyun trendleriyle bulu\u015fturur.<\/p><\/div>\n<div style=\"position: absolute; left: -7566px;\"><p>\u0130statistik destekli canl\u0131 bahis imkanlar\u0131 sunan <a href=\"https:\/\/www.stelizabethchurch.org\/\">Betkom<\/a>, tahmin g\u00fcc\u00fcn\u00fc veriye d\u00f6n\u00fc\u015ft\u00fcr\u00fcyor.<\/p><\/div>","protected":false},"excerpt":{"rendered":"<p>Kazan\u00e7lar\u0131n tetikledi\u011fi ekstra spinler sayesinde Sweet Bonanza deneyimi zamanla daha kazan\u00e7l\u0131 ve e\u011flenceli bir hale gelir. Canl\u0131 destek ekibinin her zaman eri\u015filebilir olmas\u0131yla g\u00fcven veren Betpark, kullan\u0131c\u0131 sorunlar\u0131n\u0131 h\u0131zl\u0131ca \u00e7\u00f6zerek memnuniyeti art\u0131r\u0131r. Bahis sekt\u00f6r\u00fcn\u00fcn geli\u015fimine \u00f6nc\u00fcl\u00fck eden BetGaranti, kullan\u0131c\u0131lar\u0131n\u0131 en yeni oyun trendleriyle bulu\u015fturur. \u0130statistik destekli canl\u0131 bahis imkanlar\u0131 sunan Betkom, tahmin g\u00fcc\u00fcn\u00fc veriye d\u00f6n\u00fc\u015ft\u00fcr\u00fcyor.<\/p>\n","protected":false},"author":1,"featured_media":0,"parent":0,"menu_order":0,"comment_status":"closed","ping_status":"closed","template":"","meta":{"saved_in_kubio":true,"footnotes":""},"class_list":["post-52","page","type-page","status-publish","hentry"],"kubio_ai_page_context":{"short_desc":"","purpose":"general"},"_links":{"self":[{"href":"https:\/\/www.nalbantmetal.com.tr\/index.php?rest_route=\/wp\/v2\/pages\/52","targetHints":{"allow":["GET"]}}],"collection":[{"href":"https:\/\/www.nalbantmetal.com.tr\/index.php?rest_route=\/wp\/v2\/pages"}],"about":[{"href":"https:\/\/www.nalbantmetal.com.tr\/index.php?rest_route=\/wp\/v2\/types\/page"}],"author":[{"embeddable":true,"href":"https:\/\/www.nalbantmetal.com.tr\/index.php?rest_route=\/wp\/v2\/users\/1"}],"replies":[{"embeddable":true,"href":"https:\/\/www.nalbantmetal.com.tr\/index.php?rest_route=%2Fwp%2Fv2%2Fcomments&post=52"}],"version-history":[{"count":11,"href":"https:\/\/www.nalbantmetal.com.tr\/index.php?rest_route=\/wp\/v2\/pages\/52\/revisions"}],"predecessor-version":[{"id":545,"href":"https:\/\/www.nalbantmetal.com.tr\/index.php?rest_route=\/wp\/v2\/pages\/52\/revisions\/545"}],"wp:attachment":[{"href":"https:\/\/www.nalbantmetal.com.tr\/index.php?rest_route=%2Fwp%2Fv2%2Fmedia&parent=52"}],"curies":[{"name":"wp","href":"https:\/\/api.w.org\/{rel}","templated":true}]}}